{"id":660,"date":"2024-08-22T14:16:25","date_gmt":"2024-08-22T14:16:25","guid":{"rendered":"https:\/\/remoteviewingart.fr\/?page_id=660"},"modified":"2024-10-06T14:50:24","modified_gmt":"2024-10-06T14:50:24","slug":"a-propos","status":"publish","type":"page","link":"https:\/\/remoteviewingart.fr\/index.php\/a-propos\/","title":{"rendered":"A PROPOS"},"content":{"rendered":"<div class=\"wp-block-image\">\n<figure class=\"aligncenter size-medium\"><img loading=\"lazy\" decoding=\"async\" width=\"288\" height=\"300\" src=\"https:\/\/remoteviewingart.fr\/wp-content\/uploads\/2024\/08\/AmpouleIntuition-288x300.webp\" alt=\"\" class=\"wp-image-641\" srcset=\"https:\/\/remoteviewingart.fr\/wp-content\/uploads\/2024\/08\/AmpouleIntuition-288x300.webp 288w, https:\/\/remoteviewingart.fr\/wp-content\/uploads\/2024\/08\/AmpouleIntuition.webp 576w\" sizes=\"auto, (max-width: 288px) 100vw, 288px\" \/><\/figure>\n<\/div>\n\n\n<h2 class=\"wp-block-heading has-header-gradient-color has-text-color has-link-color wp-elements-8043463f60b22580aef56c25ed023378\">D\u00e9finition et application du Remote Viewing<\/h2>\n\n\n\n<h2 class=\"wp-block-heading has-accent-color has-text-color has-link-color wp-elements-83f79d51dbaf5fd169ed2cc412869421\">Une m\u00e9thode au service de l&rsquo;humain<\/h2>\n\n\n\n<p class=\"has-white-color has-text-color has-background has-link-color wp-elements-52e98345fd33575250feaa0384567d67\" style=\"background:linear-gradient(135deg,rgb(235,155,7) 0%,rgb(23,57,161) 100%)\">C&rsquo;est la facult\u00e9 acquise de percevoir des informations distantes et auxquelles nous n&rsquo;avons pas acc\u00e8s avec nos 5 sens gr\u00e2ce uniquement \u00e0 notre psychisme. Cette facult\u00e9 une fois apprise et ma\u00eetris\u00e9e permet la collecte d&rsquo;informations quelles qu&rsquo;elles soient et suivant les besoins de ceux qui l&rsquo;utilisent. Les Services secrets l&#8217;emploient pour espionner l&rsquo;ennemi, les forces de l&rsquo;ordre peuvent la mobiliser pour d\u00e9busquer des criminels ou des personnes disparues, le corps m\u00e9dical y aura recours pour la recherche pure et chacun d&rsquo;entre nous s&rsquo;y attachera pour retrouver ses clefs ou solliciter une aide \u00e0 la prise de d\u00e9cision. La m\u00e9thode apporte une r\u00e9ponse \u00e0 toutes les interrogations pos\u00e9es,  son champ d&rsquo;application  \u00e9tant par essence, illimit\u00e9.<\/p>\n\n\n\n<p class=\"has-accent-color has-text-color has-link-color wp-elements-c61e19f164c1e2b459d645141b32a7ab\">Pourquoi ce site ? Le remote viewing (ou vision \u00e0 distance en fran\u00e7ais) est une m\u00e9thode qui \u00e0 fait ses preuves. D\u00e9velopp\u00e9e dans les ann\u00e9es 1970 par des ing\u00e9nieurs au sein de l&rsquo;un des plus prolifiques institut de recherches au monde, et utilis\u00e9e par les agences de renseignements telles que la CIA, elle \u00e0 servit \u00e0 la recherche et collecte d&rsquo;informations en utilisant uniquement le potentiel psychique des soldats et agents qui y \u00e9taient entra\u00een\u00e9s. Bien que controvers\u00e9e, elle n&rsquo;en a pas moins \u00e9t\u00e9 utilis\u00e9e pendant 22 ans et cette long\u00e9vit\u00e9 prouve \u00e0 elle seule la l\u00e9gitimit\u00e9 et l&rsquo;efficacit\u00e9 de la m\u00e9thode. Pourtant, elle est encore trop peu connue du grand public en Europe et Francophonie et aucun site ne lui est d\u00e9di\u00e9 pour lui rendre justice. Aussi, j&rsquo;avais \u00e0 c\u0153ur de palier \u00e0 ce manque et de la pr\u00e9senter dans sa globalit\u00e9 en mettant le projecteur sur le \u00ab\u00a0Controlled Remote Viewing\u00a0\u00bb qui est la m\u00e9thode que j&rsquo;ai apprise et que je pratique depuis maintenant plusieurs ann\u00e9es, elle se r\u00e9sume \u00e0 l&rsquo;acronyme CRV. Parce que le Remote Viewing est un terme qui regroupe diff\u00e9rentes m\u00e9thodes, comme l&rsquo;ARV \u00e9galement, pour \u00ab\u00a0Associated Remote Viewing\u00a0\u00bb qui elle, se base sur l&rsquo;association d&rsquo;\u00e9l\u00e9ments pour d\u00e9terminer une r\u00e9ponse pr\u00e9cise \u00e0 une question pos\u00e9e. Existe aussi le NRV, pour \u00ab\u00a0Natural Remote Viewing\u00a0\u00bb, ainsi que l&rsquo;ERV pour \u00ab\u00a0Extended Remote Viewing\u00a0\u00bb qui demande \u00e0 rester focalis\u00e9 sur la cible pendant une assez longue p\u00e9riode. Le remote viewing se d\u00e9cline en plusieurs version  propos\u00e9es pour parfaire la pratique, chacune ayant ses particularit\u00e9s. Remoteviewingart, \u00e0 donc vocation \u00e0 faire d\u00e9couvrir un art et une science dont  la d\u00e9finition est simple,<strong><em> apprendre \u00e0 puiser dans ses capacit\u00e9s naturelles pour en faire \u00e9merger nos extraordinaires facult\u00e9s inexploit\u00e9es. <\/em><\/strong>Celles qui  restent tristement cach\u00e9es alors qu&rsquo;elles ne demandent qu&rsquo;\u00e0 \u00eatre mise en lumi\u00e8re et nous \u00eatre utiles au quotidien. Le Controlled Remote Viewing \u00e9tait enseign\u00e9 \u00e0 des soldats qui n&rsquo;avaient pas de pr\u00e9dispositions particuli\u00e8res \u00e0 la voyance ou la m\u00e9diumnit\u00e9 mais qui l&rsquo;ont parfaitement ma\u00eetris\u00e9 et mis en application, et cela, simplement parce que nous avons tous ce potentiel en nous, et qu&rsquo;il faut le ramener \u00e0 la surface. <em><strong>Ainsi, au-del\u00e0 de la permission de la visualisation d&rsquo;\u00e9v\u00e8nements distants, de personnes ou d&rsquo;objets, le CRV devient une m\u00e9thode de d\u00e9veloppement personnel en nous permettant l&rsquo;acc\u00e8s et l&rsquo;\u00e9coute de notre intuition. Pratiquer le CRV accro\u00eet notre potentiel intuitif, en apprenant \u00e0 \u00e9couter notre corps, notre intuition et agir en symbiose.<\/strong><\/em><\/p>\n\n\n\n<p class=\"has-accent-color has-text-color has-link-color wp-elements-06059a26040c93810dd016a6ad13f637\">Nous sommes bien plus que la somme de nos parties et dou\u00e9s de capacit\u00e9s bien plus extraordinaires que nous ne le soup\u00e7onnons. Les grands penseurs et chefs d&rsquo;entreprises vous le diront, tout part souvent d&rsquo;une intuition&#8230; Albert Einstein \u00e0 dit qu&rsquo;elle \u00e9tait ce que nous avons de plus pr\u00e9cieux, Galil\u00e9e entends que les th\u00e9ories de milliers d&rsquo;\u00e9rudits ne valent pas toujours l&rsquo;intuition d&rsquo;un seul homme, Steve Jobs, fondateur de Apple, \u00e0 mis au monde l&rsquo;objet dont nous ne pouvons plus nous passer aujourd&rsquo;hui, notre t\u00e9l\u00e9phone portable, \u00e0 la suite d&rsquo;une intuition. Et ce ne sont que quelques exemples. Si la m\u00e9thode \u00e0 \u00e9t\u00e9 synonyme de services secrets, espionnage et guerre froide et qu&rsquo;\u00e0 l&rsquo;\u00e9poque la Russie avait aussi son programme de vision \u00e0 distance, aujourd&rsquo;hui chacun peut b\u00e9n\u00e9ficier des bienfaits gravitant autour de la pratique, puisqu&rsquo;il est aussi question de m\u00e9ditation, d&rsquo;introspection et de remise en question.<\/p>\n\n\n\n<figure class=\"wp-block-image size-full\"><img loading=\"lazy\" decoding=\"async\" width=\"1280\" height=\"853\" src=\"https:\/\/remoteviewingart.fr\/wp-content\/uploads\/2024\/09\/Communion-planete-ballon.jpg\" alt=\"\" class=\"wp-image-1105\" style=\"aspect-ratio:16\/9;object-fit:cover\" srcset=\"https:\/\/remoteviewingart.fr\/wp-content\/uploads\/2024\/09\/Communion-planete-ballon.jpg 1280w, https:\/\/remoteviewingart.fr\/wp-content\/uploads\/2024\/09\/Communion-planete-ballon-300x200.jpg 300w, https:\/\/remoteviewingart.fr\/wp-content\/uploads\/2024\/09\/Communion-planete-ballon-1024x682.jpg 1024w, https:\/\/remoteviewingart.fr\/wp-content\/uploads\/2024\/09\/Communion-planete-ballon-768x512.jpg 768w, https:\/\/remoteviewingart.fr\/wp-content\/uploads\/2024\/09\/Communion-planete-ballon-360x240.jpg 360w\" sizes=\"auto, (max-width: 1280px) 100vw, 1280px\" \/><\/figure>\n","protected":false},"excerpt":{"rendered":"<p>D\u00e9finition et application du Remote Viewing Une m\u00e9thode au service de l&rsquo;humain C&rsquo;est la facult\u00e9 acquise de percevoir des informations distantes et auxquelles nous n&rsquo;avons pas acc\u00e8s avec nos 5 sens gr\u00e2ce uniquement \u00e0 notre psychisme. Cette facult\u00e9 une fois apprise et ma\u00eetris\u00e9e permet la collecte d&rsquo;informations quelles qu&rsquo;elles soient [&hellip;]<\/p>\n","protected":false},"author":1,"featured_media":1101,"parent":0,"menu_order":0,"comment_status":"open","ping_status":"closed","template":"","meta":{"om_disable_all_campaigns":false,"_monsterinsights_skip_tracking":false,"_monsterinsights_sitenote_active":false,"_monsterinsights_sitenote_note":"","_monsterinsights_sitenote_category":0,"footnotes":""},"class_list":["post-660","page","type-page","status-publish","has-post-thumbnail","hentry"],"aioseo_notices":[],"_links":{"self":[{"href":"https:\/\/remoteviewingart.fr\/index.php\/wp-json\/wp\/v2\/pages\/660","targetHints":{"allow":["GET"]}}],"collection":[{"href":"https:\/\/remoteviewingart.fr\/index.php\/wp-json\/wp\/v2\/pages"}],"about":[{"href":"https:\/\/remoteviewingart.fr\/index.php\/wp-json\/wp\/v2\/types\/page"}],"author":[{"embeddable":true,"href":"https:\/\/remoteviewingart.fr\/index.php\/wp-json\/wp\/v2\/users\/1"}],"replies":[{"embeddable":true,"href":"https:\/\/remoteviewingart.fr\/index.php\/wp-json\/wp\/v2\/comments?post=660"}],"version-history":[{"count":30,"href":"https:\/\/remoteviewingart.fr\/index.php\/wp-json\/wp\/v2\/pages\/660\/revisions"}],"predecessor-version":[{"id":1172,"href":"https:\/\/remoteviewingart.fr\/index.php\/wp-json\/wp\/v2\/pages\/660\/revisions\/1172"}],"wp:featuredmedia":[{"embeddable":true,"href":"https:\/\/remoteviewingart.fr\/index.php\/wp-json\/wp\/v2\/media\/1101"}],"wp:attachment":[{"href":"https:\/\/remoteviewingart.fr\/index.php\/wp-json\/wp\/v2\/media?parent=660"}],"curies":[{"name":"wp","href":"https:\/\/api.w.org\/{rel}","templated":true}]}}