{"id":566,"date":"2024-08-17T14:28:02","date_gmt":"2024-08-17T14:28:02","guid":{"rendered":"https:\/\/remoteviewingart.fr\/?page_id=566"},"modified":"2024-09-19T10:16:55","modified_gmt":"2024-09-19T10:16:55","slug":"ressources","status":"publish","type":"page","link":"https:\/\/remoteviewingart.fr\/index.php\/ressources\/","title":{"rendered":"RESSOURCES"},"content":{"rendered":"\n<h2 class=\"wp-block-heading\">Les documents et textes officiels relatifs au programme Stargate<\/h2>\n\n\n\n<ul class=\"wp-block-list\">\n<li><a href=\"https:\/\/www.cia.gov\/readingroom\/docs\/CIA-RDP96-00789R002700010001-1.pdf\" title=\"\"><strong><em>CIA et DIA<\/em><\/strong><\/a> Documents d\u00e9classifi\u00e9s par la CIA<\/li>\n\n\n\n<li><a href=\"https:\/\/www.cia.gov\/readingroom\/collection\/stargate\" title=\"\"><strong><em>Cia Collection Stargate<\/em><\/strong><\/a> Documents extraits des demandes FOIA (Freedom of information act) Loi am\u00e9ricaine sur la libert\u00e9 d&rsquo;information<\/li>\n<\/ul>\n\n\n\n<p>Les incontournables ouvrages d\u00e9di\u00e9s au Remote Viewing. <\/p>\n\n\n\n<ul class=\"wp-block-list\">\n<li><a href=\"https:\/\/www.fnac.com\/a6499077\/Russell-Targ-L-esprit-sans-limites?oref=00000000-0000-0000-0000-000000000000&amp;Origin=SEA_GOOGLE_PLA_BOOKS&amp;esl-k=google-ads%7Cnx%7Cc%7Cm%7Ck%7Cp%7Ct%7Cdc%7Ca20111491090%7Cg20111491090&amp;gad_source=1&amp;gclid=CjwKCAjwiaa2BhAiEiwAQBgyHgVF\" title=\"\"><strong><em>L&rsquo;esprit sans limites<\/em><\/strong><\/a> Le c\u00e9l\u00e8bre ouvrage de Russell Targ !!<\/li>\n\n\n\n<li><a href=\"https:\/\/www.fnac.com\/livre-numerique\/a18052080\/Russell-Targ-Third-Eye-Spies\" title=\"\"><strong><em>The third Eye Spies<\/em><\/strong><\/a> Russell Targ<\/li>\n\n\n\n<li><a href=\"https:\/\/www.amazon.fr\/Anomalous-Cognition-Viewing-Research-2014-08-07\/dp\/B01JXO27I6\" title=\"\"><strong><em>Anomalous Cognition Viewing Research<\/em><\/strong><\/a> Edwin C. May Un ouvrage de r\u00e9f\u00e9rence !!<\/li>\n\n\n\n<li><a href=\"https:\/\/www.laprocure.com\/product\/392162\/swann-ingo-penetration?srsltid=AfmBOoqSJSqTR_gvfa1_4mtt-vpStMPu_FNcgAXgqMoZsIc2-8qsTN7m\" title=\"\"><strong><em>Penetration<\/em><\/strong><\/a> Ingo Swann  Un des ouvrages originels<\/li>\n\n\n\n<li><a href=\"https:\/\/www.amazon.fr\/Remote-Viewers-History-Americas-Psychic\/dp\/0440614058\" title=\"\"><strong><em>Remote Viewers History Americas Psychic<\/em><\/strong><\/a>  Jim Schnabel<\/li>\n\n\n\n<li><strong><em><a href=\"file:\/\/\/C:\/Users\/xxx\/Desktop\/SITE-REMOTEVIEWING\/BIBLIOTHEQUE%20LIENS\/DavidMorhouseLivre.htm\" title=\"\">REMOTE VIEWING<\/a> <\/em><\/strong> David MoreHouse<\/li>\n\n\n\n<li><a href=\"https:\/\/www.abebooks.fr\/9781938815010\/Essential-Guide-Remote-Viewing-Secret-1938815017\/plp\" title=\"\"><strong><em>Essential Guide Remote Viewing Secret<\/em><\/strong><\/a>  Paul Smith<\/li>\n\n\n\n<li><a href=\"http:\/\/www.eightmartinis.com\/8-martinis-issue-8\" title=\"\"><strong><em>www.eightmartinis.com<\/em><\/strong><\/a> Magazine de Daz Smith consacr\u00e9 au Remote Viewing<\/li>\n\n\n\n<li><a href=\"https:\/\/www.amazon.fr\/Remote-Viewing-UFOs-Visitors-published\/dp\/B06XDKQSWD\" title=\"\"><strong><em>Remote Viewing UFOs Visitors<\/em><\/strong><\/a> Tunde Atunrase<\/li>\n\n\n\n<li><a href=\"https:\/\/www.amazon.fr\/Remote-Viewing-Secrets-Joseph-McMoneagle\/dp\/1571741593\" title=\"\"><strong><em>Remote Viewing Secrets  Joseph MacMoneagle<\/em><\/strong><\/a><\/li>\n\n\n\n<li><a href=\"https:\/\/www.abebooks.fr\/9781571744821\/Memoirs-Psychic-Spy-Remarkable-Life-1571744827\/plp\" title=\"\"><strong><em>Memoirs Psychic Spy <\/em><\/strong><\/a> Joe MacMoneagle<\/li>\n\n\n\n<li><a href=\"https:\/\/www.fnac.com\/ia1729199\/Lyn-Buchanan\" title=\"\"><strong><em>The seventh sens <\/em><\/strong><\/a>The secret of Remote Viewing  Lyn Buchanan<\/li>\n\n\n\n<li><a href=\"https:\/\/www.fnac.com\/a12354561\/Fabrice-Bonvin-La-science-de-l-Intuition-Guide-pratique-de-vision-a-distance?oref=00000000-0000-0000-0000-000000000000&amp;Origin=SEA_GOOGLE_PLA_BOOKS&amp;esl-k=google-ads%7Cnx%7Cc%7Cm%7Ck%7Cp%7Ct%7Cdc%7Ca20111491090%7Cg20111491090&amp;gad_source=1&amp;gclid=CjwKCAjwiaa2BhAiEiwAQBgyHvzOFdpstQkAUYReooYon4l-XVGl2bBD0evpT5Hu5kBQ1Q7aSNbkExoCkQsQAvD_BwE&amp;gclsrc=aw.ds\" title=\"\"><strong><em>La science de l&rsquo;Intuition Guide pratique de vision a distance<\/em><\/strong><\/a> Fabrice Bonvin <\/li>\n\n\n\n<li><a href=\"https:\/\/www.amazon.fr\/Cosmic-Explorers-Scientific-Viewing-Extraterrestrials\/dp\/0525944303\" title=\"\"><strong><em>Cosmic Explorers Scientific Viewing Extraterrestrials<\/em><\/strong><\/a> Courtney Brown<\/li>\n\n\n\n<li><a href=\"https:\/\/www.inexplore.com\/articles\/Ce-medium-qui-sommeille-en-nous\" title=\"\"><strong><em>www.inexplore.com<\/em><\/strong><\/a> Mag propos\u00e9 par l&rsquo;Inrees<\/li>\n\n\n\n<li><a href=\"https:\/\/psi-recherche.com\/decouvrez-notre-livre-sur-la-vision-a-distance\/\" title=\"\"><strong><em>D\u00e9couvrez notre livre sur la vision a distance<\/em><\/strong><\/a> Collectif du centre Psi Recherche<\/li>\n\n\n\n<li>Et il y en a d&rsquo;autres !!<\/li>\n<\/ul>\n\n\n\n<p>Les structures <\/p>\n\n\n\n<ul class=\"wp-block-list\">\n<li><a href=\"https:\/\/farsight.org\/\" title=\"\"><strong><em>https:\/\/farsight.org\/<\/em><\/strong><\/a> Site uniquement consacr\u00e9 au Remote Viewing cr\u00e9e par Courtney Brown. Une mine d&rsquo;information et de projets men\u00e9s et partag\u00e9s avec le grand public.<\/li>\n\n\n\n<li><strong><a href=\"https:\/\/psi-recherche.com\/\" title=\"\">https:\/\/psi-recherche.com\/<\/a> <\/strong>Un excellent site, v\u00e9ritable gisement d&rsquo;informations que je vous recommande vivement !<\/li>\n\n\n\n<li><a href=\"https:\/\/www.inrees.com\/\" title=\"\"><strong><em>https:\/\/www.inrees.com\/<\/em><\/strong><\/a>  Cr\u00e9e par St\u00e9phane Allix, l&rsquo;organisme explore les sciences de la conscience<\/li>\n\n\n\n<li><a href=\"https:\/\/www.sri.com\/\" title=\"\"><strong><em>https:\/\/www.sri.com\/<\/em><\/strong><\/a> A l&rsquo;origine du projet<\/li>\n<\/ul>\n\n\n\n<p>Les m\u00e9dias <\/p>\n\n\n\n<ul class=\"wp-block-list\">\n<li><a href=\"https:\/\/www.youtube.com\/watch?v=K0u0JqwQDJQ\" title=\"\"><strong><em>Edwin C. May <\/em><\/strong><\/a>Chez Shawn Ryan Show <\/li>\n\n\n\n<li><a href=\"https:\/\/www.youtube.com\/watch?v=wJNh2zBC1QE\" title=\"\"><strong><em>Conf\u00e9rence de Fabrice Bonvin<\/em><\/strong><\/a> Avec le Vertical Project au congr\u00e8s des sciences de la conscience 2018<\/li>\n\n\n\n<li><a href=\"https:\/\/www.google.com\/search?q=remote+viewing+&amp;sca_esv=d5bbf09f5aa4d38f&amp;sca_upv=1&amp;rlz=1C1GGRV_enFR759FR837&amp;biw=1280&amp;bih=618&amp;tbm=vid&amp;ei=ISDKZvb6MsiGkdUPztCF0Ak&amp;ved=0ahUKEwi2j7GGm46IAxVIQ6QEHU5oAZoQ4dUDCA0&amp;uact=5&amp;oq=remote+viewing+&amp;gs_lp=Eg1nd3Mtd2l6LXZpZGVvIg9yZW1vdGUgdmlld2luZyAyBRAAGIAEMgoQABiABBhDGIoFMgUQABiABDIFEAAYgAQyBRAAGIAEMgUQABiABDIFEAAYgAQyBRAAGIAEMgUQABiABDIFEAAYgARIvihQ1wZYsAxwAHgAkAEAmAHcBqABph6qAQkwLjEuNS0xLjS4AQPIAQD4AQGYAgKgAuoIwgIIEAAYgAQYogSYAwCIBgGSBwcyLTEuNi0xoAfbHg&amp;sclient=gws-wiz-video#fpstate=ive&amp;vld=cid:fb4a4317,vid:UmfAHiaIitU,st:0\" title=\"\"><strong><em>Mike Webster Remote Viewer <\/em><\/strong><\/a> Interview<\/li>\n\n\n\n<li><a href=\"https:\/\/www.youtube.com\/watch?v=u_S3vWqQR20\" title=\"\"><strong><em>Ga\u00efa TV Documentaire<\/em><\/strong><\/a> <\/li>\n\n\n\n<li><a href=\"https:\/\/www.youtube.com\/watch?v=x6YbzXuAy-Q\" title=\"\"><strong><em>Alexis Tournier Demo p\u00e9dagogique<\/em><\/strong><\/a><\/li>\n<\/ul>\n\n\n\n<p>Experiences conduites en labo avec analyses d&rsquo;imageries \u00e0 raisonnances m\u00e9dicales IRM par Ingo Swann<\/p>\n\n\n\n<ul class=\"wp-block-list\">\n<li><a href=\"https:\/\/pubmed.ncbi.nlm.nih.gov\/12081299\/\" title=\"\">I<em>ngo Swann Experiences de laboratoires<\/em><\/a><\/li>\n<\/ul>\n","protected":false},"excerpt":{"rendered":"<p>Les documents et textes officiels relatifs au programme Stargate Les incontournables ouvrages d\u00e9di\u00e9s au Remote Viewing. Les structures Les m\u00e9dias Experiences conduites en labo avec analyses d&rsquo;imageries \u00e0 raisonnances m\u00e9dicales IRM par Ingo Swann<\/p>\n","protected":false},"author":1,"featured_media":0,"parent":0,"menu_order":0,"comment_status":"open","ping_status":"closed","template":"","meta":{"om_disable_all_campaigns":false,"_monsterinsights_skip_tracking":false,"_monsterinsights_sitenote_active":false,"_monsterinsights_sitenote_note":"","_monsterinsights_sitenote_category":0,"footnotes":""},"class_list":["post-566","page","type-page","status-publish","hentry"],"aioseo_notices":[],"_links":{"self":[{"href":"https:\/\/remoteviewingart.fr\/index.php\/wp-json\/wp\/v2\/pages\/566","targetHints":{"allow":["GET"]}}],"collection":[{"href":"https:\/\/remoteviewingart.fr\/index.php\/wp-json\/wp\/v2\/pages"}],"about":[{"href":"https:\/\/remoteviewingart.fr\/index.php\/wp-json\/wp\/v2\/types\/page"}],"author":[{"embeddable":true,"href":"https:\/\/remoteviewingart.fr\/index.php\/wp-json\/wp\/v2\/users\/1"}],"replies":[{"embeddable":true,"href":"https:\/\/remoteviewingart.fr\/index.php\/wp-json\/wp\/v2\/comments?post=566"}],"version-history":[{"count":31,"href":"https:\/\/remoteviewingart.fr\/index.php\/wp-json\/wp\/v2\/pages\/566\/revisions"}],"predecessor-version":[{"id":1091,"href":"https:\/\/remoteviewingart.fr\/index.php\/wp-json\/wp\/v2\/pages\/566\/revisions\/1091"}],"wp:attachment":[{"href":"https:\/\/remoteviewingart.fr\/index.php\/wp-json\/wp\/v2\/media?parent=566"}],"curies":[{"name":"wp","href":"https:\/\/api.w.org\/{rel}","templated":true}]}}