{"id":29,"date":"2024-06-26T18:56:35","date_gmt":"2024-06-26T18:56:35","guid":{"rendered":"https:\/\/remoteviewingart.fr\/?page_id=29"},"modified":"2026-04-24T20:51:15","modified_gmt":"2026-04-24T20:51:15","slug":"accueil","status":"publish","type":"page","link":"https:\/\/remoteviewingart.fr\/","title":{"rendered":"Accueil"},"content":{"rendered":"\n<div class=\"wp-block-cover aligncenter is-light hestia-clear-top-padding\" style=\"min-height:774px;aspect-ratio:unset;\"><span aria-hidden=\"true\" class=\"wp-block-cover__background has-white-background-color has-background-dim-100 has-background-dim\"><\/span><div class=\"wp-block-cover__inner-container is-layout-flow wp-block-cover-is-layout-flow\">\n<h2 class=\"wp-block-heading has-text-align-center has-white-color has-text-color has-background\" style=\"background:linear-gradient(135deg,rgb(2,3,129) 0%,rgb(99,181,191) 100%)\">LIBERER SON INTUITION<\/h2>\n\n\n\n<div class=\"wp-block-group\"><div class=\"wp-block-group__inner-container is-layout-constrained wp-block-group-is-layout-constrained\">\n<div style=\"height:82px\" aria-hidden=\"true\" class=\"wp-block-spacer\"><\/div>\n<\/div><\/div>\n\n\n\n<div class=\"wp-block-columns container is-layout-flex wp-container-core-columns-is-layout-28f84493 wp-block-columns-is-layout-flex\">\n<div class=\"wp-block-column is-layout-flow wp-block-column-is-layout-flow\"><div class=\"wp-block-image\">\n<figure class=\"aligncenter size-full is-resized\"><img loading=\"lazy\" decoding=\"async\" width=\"268\" height=\"188\" src=\"https:\/\/remoteviewingart.fr\/wp-content\/uploads\/2024\/06\/Universtime.jpg\" alt=\"\" class=\"wp-image-121\" style=\"width:188px;height:auto\"\/><\/figure>\n<\/div>\n\n\n<h5 class=\"wp-block-heading has-text-align-center has-white-color has-text-color has-background\" style=\"background:linear-gradient(244deg,rgb(2,3,129) 0%,rgb(40,194,252) 100%);font-size:18px\">CONSCIENCE<\/h5>\n\n\n\n<p class=\"has-text-align-center has-text-color has-link-color has-small-font-size wp-elements-f3222d4cd154d36e4af74acde4918415\" style=\"color:#2a499d\">Le Remote Viewing permet l&rsquo;acc\u00e8s \u00e0 l&rsquo;information au-del\u00e0 de l&rsquo;espace et du temps. C&rsquo;est une facult\u00e9 aux ressources in\u00e9puisables et illimit\u00e9es. <\/p>\n\n\n\n<div style=\"height:25px\" aria-hidden=\"true\" class=\"wp-block-spacer\"><\/div>\n<\/div>\n\n\n\n<div class=\"wp-block-column is-layout-flow wp-block-column-is-layout-flow\"><div class=\"wp-block-image is-style-default\">\n<figure class=\"aligncenter size-full is-resized\"><img loading=\"lazy\" decoding=\"async\" width=\"1280\" height=\"872\" src=\"https:\/\/remoteviewingart.fr\/wp-content\/uploads\/2024\/08\/Bouteille-Desert.webp\" alt=\"\" class=\"wp-image-693\" style=\"width:189px;height:auto\" srcset=\"https:\/\/remoteviewingart.fr\/wp-content\/uploads\/2024\/08\/Bouteille-Desert.webp 1280w, https:\/\/remoteviewingart.fr\/wp-content\/uploads\/2024\/08\/Bouteille-Desert-300x204.webp 300w, https:\/\/remoteviewingart.fr\/wp-content\/uploads\/2024\/08\/Bouteille-Desert-1024x698.webp 1024w, https:\/\/remoteviewingart.fr\/wp-content\/uploads\/2024\/08\/Bouteille-Desert-768x523.webp 768w\" sizes=\"auto, (max-width: 1280px) 100vw, 1280px\" \/><\/figure>\n<\/div>\n\n\n<h5 class=\"wp-block-heading alignfull has-text-align-center has-white-color has-text-color has-background\" style=\"background:radial-gradient(rgb(8,213,206) 0%,rgb(16,6,192) 100%);font-size:18px\"><font style=\"vertical-align: inherit;\"><font style=\"vertical-align: inherit;\">CR\u00c9ATIVIT\u00c9<\/font><\/font><\/h5>\n\n\n\n<p class=\"has-text-align-center has-header-gradient-color has-text-color\" style=\"font-size:14px\">Pratiquer le CRV d\u00e9veloppe notre intuition. Nous prenons de meilleures d\u00e9cisions et devenons plus r\u00e9actifs. En communion avec notre essence profonde, nous sommes plus inspir\u00e9s et cr\u00e9atifs<\/p>\n\n\n\n<div style=\"height:25px\" aria-hidden=\"true\" class=\"wp-block-spacer\"><\/div>\n<\/div>\n\n\n\n<div class=\"wp-block-column is-layout-flow wp-block-column-is-layout-flow\"><div class=\"wp-block-image\">\n<figure class=\"aligncenter size-full is-resized\"><img loading=\"lazy\" decoding=\"async\" width=\"1280\" height=\"906\" src=\"https:\/\/remoteviewingart.fr\/wp-content\/uploads\/2024\/08\/Profilgalaxiz.webp\" alt=\"\" class=\"wp-image-944\" style=\"width:185px;height:auto\" srcset=\"https:\/\/remoteviewingart.fr\/wp-content\/uploads\/2024\/08\/Profilgalaxiz.webp 1280w, https:\/\/remoteviewingart.fr\/wp-content\/uploads\/2024\/08\/Profilgalaxiz-300x212.webp 300w, https:\/\/remoteviewingart.fr\/wp-content\/uploads\/2024\/08\/Profilgalaxiz-1024x725.webp 1024w, https:\/\/remoteviewingart.fr\/wp-content\/uploads\/2024\/08\/Profilgalaxiz-768x544.webp 768w\" sizes=\"auto, (max-width: 1280px) 100vw, 1280px\" \/><\/figure>\n<\/div>\n\n\n<h5 class=\"wp-block-heading has-text-align-center has-white-color has-text-color has-background\" style=\"background:linear-gradient(135deg,rgb(50,227,209) 0%,rgb(70,117,247) 100%);font-size:18px\"><font style=\"vertical-align: inherit;\"><font style=\"vertical-align: inherit;\">SPIRITUALIT\u00c9<\/font><\/font><\/h5>\n\n\n\n<p class=\"has-text-align-center has-header-gradient-color has-text-color\" style=\"font-size:14px\">Plonger en nous m\u00eame, faire \u00e9merger nos facult\u00e9s latentes et talents insoup\u00e7onn\u00e9s et  agir en harmonie avec eux, nous invite \u00e0 repenser notre vision du monde et sortir du paradigme en place<\/p>\n\n\n\n<div style=\"height:25px\" aria-hidden=\"true\" class=\"wp-block-spacer\"><\/div>\n<\/div>\n<\/div>\n\n\n\n<div style=\"height:0px\" aria-hidden=\"true\" class=\"wp-block-spacer\"><\/div>\n<\/div><\/div>\n\n\n\n<div class=\"wp-block-columns container is-layout-flex wp-container-core-columns-is-layout-28f84493 wp-block-columns-is-layout-flex\">\n<div class=\"wp-block-column col-md-5 is-layout-flow wp-block-column-is-layout-flow\">\n<div style=\"height:0px\" aria-hidden=\"true\" class=\"wp-block-spacer\"><\/div>\n\n\n\n<h2 class=\"wp-block-heading has-text-align-center has-header-gradient-color has-text-color has-link-color wp-elements-542af58ff5804c6135b121587b61a4da\" style=\"font-style:normal;font-weight:800\">ECOUTER SA PETITE VOIX <\/h2>\n\n\n\n<p class=\"has-text-align-center has-white-color has-text-color has-link-color wp-elements-8535146c2d2e216d66bb643284ec4066\">Nous sommes tous dou\u00e9s d&rsquo;intuition et savons qu&rsquo;elle est pr\u00e9sente en nous. <\/p>\n\n\n\n<p class=\"has-text-align-center has-white-color has-text-color has-link-color wp-elements-73f1a5d9cef5f9076eb44dd6072b6df8\">\u00ab\u00a0J&rsquo;ai un pressentiment\u00a0\u00bb, nous l&rsquo;avons tous dis et tous ressenti, cette conviction de recevoir une information sans pouvoir l&rsquo;expliquer. Tout comme nous respirons, dormons, m\u00e9morisons et stockons de l&rsquo;information, nous sommes intrins\u00e8quement intuitifs, mais nous n&rsquo;avons pas appris \u00e0 \u00e9couter notre corps. Pourtant, il sait et il nous parle. Le Remote Viewing nous apprend \u00e0 vivre cette capacit\u00e9 au quotidien et tirer parti de ses nombreux bienfaits<\/p>\n<\/div>\n\n\n\n<div class=\"wp-block-column col-md-6 col-md-offset1 is-layout-flow wp-block-column-is-layout-flow\">\n<div style=\"height:55px\" aria-hidden=\"true\" class=\"wp-block-spacer\"><\/div>\n\n\n\n<figure class=\"wp-block-gallery has-nested-images columns-default is-cropped wp-block-gallery-1 is-layout-flex wp-block-gallery-is-layout-flex\">\n<figure class=\"wp-block-image size-full\"><img loading=\"lazy\" decoding=\"async\" width=\"600\" height=\"400\" data-id=\"695\" src=\"https:\/\/remoteviewingart.fr\/wp-content\/uploads\/2024\/08\/intuition-vs-logic.webp\" alt=\"\" class=\"wp-image-695\" srcset=\"https:\/\/remoteviewingart.fr\/wp-content\/uploads\/2024\/08\/intuition-vs-logic.webp 600w, https:\/\/remoteviewingart.fr\/wp-content\/uploads\/2024\/08\/intuition-vs-logic-300x200.webp 300w, https:\/\/remoteviewingart.fr\/wp-content\/uploads\/2024\/08\/intuition-vs-logic-360x240.webp 360w\" sizes=\"auto, (max-width: 600px) 100vw, 600px\" \/><\/figure>\n<\/figure>\n<\/div>\n<\/div>\n","protected":false},"excerpt":{"rendered":"<p>ECOUTER SA PETITE VOIX Nous sommes tous dou\u00e9s d&rsquo;intuition et savons qu&rsquo;elle est pr\u00e9sente en nous. \u00ab\u00a0J&rsquo;ai un pressentiment\u00a0\u00bb, nous l&rsquo;avons tous dis et tous ressenti, cette conviction de recevoir une information sans pouvoir l&rsquo;expliquer. Tout comme nous respirons, dormons, m\u00e9morisons et stockons de l&rsquo;information, nous sommes intrins\u00e8quement intuitifs, mais [&hellip;]<\/p>\n","protected":false},"author":1,"featured_media":393,"parent":0,"menu_order":0,"comment_status":"open","ping_status":"closed","template":"","meta":{"om_disable_all_campaigns":false,"_monsterinsights_skip_tracking":false,"_monsterinsights_sitenote_active":false,"_monsterinsights_sitenote_note":"","_monsterinsights_sitenote_category":0,"footnotes":""},"class_list":["post-29","page","type-page","status-publish","has-post-thumbnail","hentry"],"aioseo_notices":[],"_links":{"self":[{"href":"https:\/\/remoteviewingart.fr\/index.php\/wp-json\/wp\/v2\/pages\/29","targetHints":{"allow":["GET"]}}],"collection":[{"href":"https:\/\/remoteviewingart.fr\/index.php\/wp-json\/wp\/v2\/pages"}],"about":[{"href":"https:\/\/remoteviewingart.fr\/index.php\/wp-json\/wp\/v2\/types\/page"}],"author":[{"embeddable":true,"href":"https:\/\/remoteviewingart.fr\/index.php\/wp-json\/wp\/v2\/users\/1"}],"replies":[{"embeddable":true,"href":"https:\/\/remoteviewingart.fr\/index.php\/wp-json\/wp\/v2\/comments?post=29"}],"version-history":[{"count":73,"href":"https:\/\/remoteviewingart.fr\/index.php\/wp-json\/wp\/v2\/pages\/29\/revisions"}],"predecessor-version":[{"id":1188,"href":"https:\/\/remoteviewingart.fr\/index.php\/wp-json\/wp\/v2\/pages\/29\/revisions\/1188"}],"wp:featuredmedia":[{"embeddable":true,"href":"https:\/\/remoteviewingart.fr\/index.php\/wp-json\/wp\/v2\/media\/393"}],"wp:attachment":[{"href":"https:\/\/remoteviewingart.fr\/index.php\/wp-json\/wp\/v2\/media?parent=29"}],"curies":[{"name":"wp","href":"https:\/\/api.w.org\/{rel}","templated":true}]}}